{"id":5376,"date":"2022-06-29T09:37:57","date_gmt":"2022-06-29T08:37:57","guid":{"rendered":"https:\/\/agridev-expertise.com\/?page_id=5376"},"modified":"2023-07-15T17:37:25","modified_gmt":"2023-07-15T16:37:25","slug":"coordinateur-regional-du-cluster-securite-alimentaire-pour-tout-lest-du-tchad","status":"publish","type":"page","link":"https:\/\/agridev-expertise.com\/en\/communication-clusters\/coordinateur-regional-du-cluster-securite-alimentaire-pour-tout-lest-du-tchad\/","title":{"rendered":"Coordinateur r\u00e9gional du cluster  s\u00e9curit\u00e9 alimentaire pour tout l&rsquo;est du Tchad"},"content":{"rendered":"<div data-elementor-type=\"wp-post\" data-elementor-id=\"5376\" class=\"elementor elementor-5376\">\n\t\t\t\t\t\t<section data-particle_enable=\"false\" data-particle-mobile-disabled=\"false\" class=\"elementor-section elementor-top-section elementor-element elementor-element-6f6b2bd elementor-section-boxed elementor-section-height-default elementor-section-height-default\" data-id=\"6f6b2bd\" data-element_type=\"section\">\n\t\t\t\t\t\t\t<div class=\"elementor-background-overlay\"><\/div>\n\t\t\t\t\t\t\t<div class=\"elementor-container elementor-column-gap-default\">\n\t\t\t\t\t<div class=\"elementor-column elementor-col-25 elementor-top-column elementor-element elementor-element-d181e1c\" data-id=\"d181e1c\" data-element_type=\"column\">\n\t\t\t<div class=\"elementor-widget-wrap elementor-element-populated\">\n\t\t\t\t\t\t<div class=\"elementor-element elementor-element-cad418e elementor-align-center elementor-widget elementor-widget-button\" data-id=\"cad418e\" data-element_type=\"widget\" data-widget_type=\"button.default\">\n\t\t\t\t<div class=\"elementor-widget-container\">\n\t\t\t\t\t<div class=\"elementor-button-wrapper\">\n\t\t\t<a class=\"elementor-button elementor-button-link elementor-size-xs\" href=\"https:\/\/agridev-expertise.com\/en\/communication-clusters\/\">\n\t\t\t\t\t\t<span class=\"elementor-button-content-wrapper\">\n\t\t\t\t\t\t\t\t\t<span class=\"elementor-button-text\">La Communication comme  un m\u00e9tier \u00e0 part enti\u00e8re<\/span>\n\t\t\t\t\t<\/span>\n\t\t\t\t\t<\/a>\n\t\t<\/div>\n\t\t\t\t<\/div>\n\t\t\t\t<\/div>\n\t\t\t\t\t<\/div>\n\t\t<\/div>\n\t\t\t\t<div class=\"elementor-column elementor-col-25 elementor-top-column elementor-element elementor-element-33d0445\" data-id=\"33d0445\" data-element_type=\"column\">\n\t\t\t<div class=\"elementor-widget-wrap elementor-element-populated\">\n\t\t\t\t\t\t<div class=\"elementor-element elementor-element-fabdd80 elementor-align-center elementor-widget elementor-widget-button\" data-id=\"fabdd80\" data-element_type=\"widget\" data-widget_type=\"button.default\">\n\t\t\t\t<div class=\"elementor-widget-container\">\n\t\t\t\t\t<div class=\"elementor-button-wrapper\">\n\t\t\t<a class=\"elementor-button elementor-button-link elementor-size-xs\" href=\"https:\/\/agridev-expertise.com\/en\/communication-clusters\/coordinateur-regional-du-cluster-securite-alimentaire-pour-tout-lest-du-tchad\/\">\n\t\t\t\t\t\t<span class=\"elementor-button-content-wrapper\">\n\t\t\t\t\t\t\t\t\t<span class=\"elementor-button-text\">Coordinateur r\u00e9gional du cluster  s\u00e9curit\u00e9 alimentaire pour tout l'est du Tchad<\/span>\n\t\t\t\t\t<\/span>\n\t\t\t\t\t<\/a>\n\t\t<\/div>\n\t\t\t\t<\/div>\n\t\t\t\t<\/div>\n\t\t\t\t\t<\/div>\n\t\t<\/div>\n\t\t\t\t<div class=\"elementor-column elementor-col-25 elementor-top-column elementor-element elementor-element-8a75bc8\" data-id=\"8a75bc8\" data-element_type=\"column\">\n\t\t\t<div class=\"elementor-widget-wrap elementor-element-populated\">\n\t\t\t\t\t\t<div class=\"elementor-element elementor-element-1120a6c elementor-align-center elementor-widget elementor-widget-button\" data-id=\"1120a6c\" data-element_type=\"widget\" data-widget_type=\"button.default\">\n\t\t\t\t<div class=\"elementor-widget-container\">\n\t\t\t\t\t<div class=\"elementor-button-wrapper\">\n\t\t\t<a class=\"elementor-button elementor-button-link elementor-size-xs\" href=\"https:\/\/agridev-expertise.com\/en\/communication-clusters\/pour-un-observatoire-de-lirrigation-au-niger\/\">\n\t\t\t\t\t\t<span class=\"elementor-button-content-wrapper\">\n\t\t\t\t\t\t\t\t\t<span class=\"elementor-button-text\">Pour un observatoire de l'irrigation au Niger<\/span>\n\t\t\t\t\t<\/span>\n\t\t\t\t\t<\/a>\n\t\t<\/div>\n\t\t\t\t<\/div>\n\t\t\t\t<\/div>\n\t\t\t\t\t<\/div>\n\t\t<\/div>\n\t\t\t\t<div class=\"elementor-column elementor-col-25 elementor-top-column elementor-element elementor-element-4ca047a\" data-id=\"4ca047a\" data-element_type=\"column\">\n\t\t\t<div class=\"elementor-widget-wrap elementor-element-populated\">\n\t\t\t\t\t\t<div class=\"elementor-element elementor-element-362382d elementor-align-center elementor-widget elementor-widget-button\" data-id=\"362382d\" data-element_type=\"widget\" data-widget_type=\"button.default\">\n\t\t\t\t<div class=\"elementor-widget-container\">\n\t\t\t\t\t<div class=\"elementor-button-wrapper\">\n\t\t\t<a class=\"elementor-button elementor-button-link elementor-size-xs\" href=\"https:\/\/agridev-expertise.com\/en\/communication-clusters\/organisation-de-latelier-sous-regional-maghrebin-programme-growing-diversity-2\/\">\n\t\t\t\t\t\t<span class=\"elementor-button-content-wrapper\">\n\t\t\t\t\t\t\t\t\t<span class=\"elementor-button-text\">Organisation de l'atelier sous-r\u00e9gional maghr\u00e9bin - Programme: Growing Diversity<\/span>\n\t\t\t\t\t<\/span>\n\t\t\t\t\t<\/a>\n\t\t<\/div>\n\t\t\t\t<\/div>\n\t\t\t\t<\/div>\n\t\t\t\t\t<\/div>\n\t\t<\/div>\n\t\t\t\t\t<\/div>\n\t\t<\/section>\n\t\t\t\t<section data-particle_enable=\"false\" data-particle-mobile-disabled=\"false\" class=\"elementor-section elementor-top-section elementor-element elementor-element-8d2c79b animated-slow elementor-section-boxed elementor-section-height-default elementor-section-height-default elementor-invisible\" data-id=\"8d2c79b\" data-element_type=\"section\" data-settings=\"{&quot;animation&quot;:&quot;rotateInDownLeft&quot;}\">\n\t\t\t\t\t\t<div class=\"elementor-container elementor-column-gap-default\">\n\t\t\t\t\t<div class=\"elementor-column elementor-col-100 elementor-top-column elementor-element elementor-element-741f6c9\" data-id=\"741f6c9\" data-element_type=\"column\">\n\t\t\t<div class=\"elementor-widget-wrap elementor-element-populated\">\n\t\t\t\t\t\t<div class=\"elementor-element elementor-element-efd812c elementor-widget elementor-widget-heading\" data-id=\"efd812c\" data-element_type=\"widget\" data-widget_type=\"heading.default\">\n\t\t\t\t<div class=\"elementor-widget-container\">\n\t\t\t<style>\/*! elementor - v3.23.0 - 05-08-2024 *\/\n.elementor-heading-title{padding:0;margin:0;line-height:1}.elementor-widget-heading .elementor-heading-title[class*=elementor-size-]>a{color:inherit;font-size:inherit;line-height:inherit}.elementor-widget-heading .elementor-heading-title.elementor-size-small{font-size:15px}.elementor-widget-heading .elementor-heading-title.elementor-size-medium{font-size:19px}.elementor-widget-heading .elementor-heading-title.elementor-size-large{font-size:29px}.elementor-widget-heading .elementor-heading-title.elementor-size-xl{font-size:39px}.elementor-widget-heading .elementor-heading-title.elementor-size-xxl{font-size:59px}<\/style><h5 class=\"elementor-heading-title elementor-size-default\">Coordinateur r\u00e9gional du cluster  s\u00e9curit\u00e9 alimentaire pour tout l'est du Tchad<\/h5>\t\t<\/div>\n\t\t\t\t<\/div>\n\t\t\t\t\t<\/div>\n\t\t<\/div>\n\t\t\t\t\t<\/div>\n\t\t<\/section>\n\t\t\t\t<section data-particle_enable=\"false\" data-particle-mobile-disabled=\"false\" class=\"elementor-section elementor-top-section elementor-element elementor-element-7c8c773 animated-slow elementor-section-boxed elementor-section-height-default elementor-section-height-default elementor-invisible\" data-id=\"7c8c773\" data-element_type=\"section\" data-settings=\"{&quot;background_background&quot;:&quot;classic&quot;,&quot;animation&quot;:&quot;fadeInRight&quot;}\">\n\t\t\t\t\t\t<div class=\"elementor-container elementor-column-gap-no\">\n\t\t\t\t\t<div class=\"elementor-column elementor-col-50 elementor-top-column elementor-element elementor-element-d6012fe\" data-id=\"d6012fe\" data-element_type=\"column\">\n\t\t\t<div class=\"elementor-widget-wrap elementor-element-populated\">\n\t\t\t\t\t\t<div class=\"elementor-element elementor-element-c7efb5f elementor-widget elementor-widget-text-editor\" data-id=\"c7efb5f\" data-element_type=\"widget\" data-widget_type=\"text-editor.default\">\n\t\t\t\t<div class=\"elementor-widget-container\">\n\t\t\t<style>\/*! elementor - v3.23.0 - 05-08-2024 *\/\n.elementor-widget-text-editor.elementor-drop-cap-view-stacked .elementor-drop-cap{background-color:#69727d;color:#fff}.elementor-widget-text-editor.elementor-drop-cap-view-framed .elementor-drop-cap{color:#69727d;border:3px solid;background-color:transparent}.elementor-widget-text-editor:not(.elementor-drop-cap-view-default) .elementor-drop-cap{margin-top:8px}.elementor-widget-text-editor:not(.elementor-drop-cap-view-default) .elementor-drop-cap-letter{width:1em;height:1em}.elementor-widget-text-editor .elementor-drop-cap{float:left;text-align:center;line-height:1;font-size:50px}.elementor-widget-text-editor .elementor-drop-cap-letter{display:inline-block}<\/style>\t\t\t\t<p><strong><em>Cadre organisationnel<\/em><\/strong><\/p><p>Depuis son approbation par l\u2019Inter-Agency Standing Committee (IASC) en d\u00e9cembre 2010 et sa mise en place fonctionnelle en avril 2011, le cluster global de la s\u00e9curit\u00e9 alimentaire (FSC) a r\u00e9ussi \u00e0 cr\u00e9er un environnement propice aux partenaires globaux pour discuter de la s\u00e9curit\u00e9 alimentaire op\u00e9rationnelle et les questions de politique. Il a jou\u00e9 un r\u00f4le d\u00e9terminant dans le d\u00e9veloppement d&rsquo;outils et dans la fourniture de conseils et d&rsquo;un soutien aux pays touch\u00e9s par une crise humanitaire.<\/p><p>\u00a0<\/p><p>Le FSC est dirig\u00e9 par la FAO et le PAM. Plus de 70 organisations non gouvernementales (ONG) internationales et la F\u00e9d\u00e9ration internationale des Soci\u00e9t\u00e9s de la Croix-Rouge et du Croissant-Rouge (FICR) sont des membres actifs au niveau mondial. Le cluster se concentre sur la coordination de l&rsquo;aide alimentaire et des interventions humanitaires li\u00e9es aux moyens de subsistance.<\/p><p>\u00a0<\/p>\t\t\t\t\t\t<\/div>\n\t\t\t\t<\/div>\n\t\t\t\t\t<\/div>\n\t\t<\/div>\n\t\t\t\t<div class=\"elementor-column elementor-col-50 elementor-top-column elementor-element elementor-element-43e8cb5\" data-id=\"43e8cb5\" data-element_type=\"column\">\n\t\t\t<div class=\"elementor-widget-wrap elementor-element-populated\">\n\t\t\t\t\t\t<div class=\"elementor-element elementor-element-23e953d elementor-widget elementor-widget-image\" data-id=\"23e953d\" data-element_type=\"widget\" data-widget_type=\"image.default\">\n\t\t\t\t<div class=\"elementor-widget-container\">\n\t\t\t<style>\/*! elementor - v3.23.0 - 05-08-2024 *\/\n.elementor-widget-image{text-align:center}.elementor-widget-image a{display:inline-block}.elementor-widget-image a img[src$=\".svg\"]{width:48px}.elementor-widget-image img{vertical-align:middle;display:inline-block}<\/style>\t\t\t\t\t\t\t\t\t\t<img decoding=\"async\" width=\"252\" height=\"77\" src=\"https:\/\/agridev-expertise.com\/wp-content\/uploads\/2022\/06\/cluster-food-1.png\" class=\"attachment-large size-large wp-image-5289\" alt=\"\" \/>\t\t\t\t\t\t\t\t\t\t\t\t\t<\/div>\n\t\t\t\t<\/div>\n\t\t\t\t<div class=\"elementor-element elementor-element-1795b35 elementor-widget elementor-widget-image\" data-id=\"1795b35\" data-element_type=\"widget\" data-widget_type=\"image.default\">\n\t\t\t\t<div class=\"elementor-widget-container\">\n\t\t\t\t\t\t\t\t\t\t\t\t\t<img fetchpriority=\"high\" decoding=\"async\" width=\"400\" height=\"444\" src=\"https:\/\/agridev-expertise.com\/wp-content\/uploads\/2022\/06\/cluster-food-2.png\" class=\"attachment-large size-large wp-image-5290\" alt=\"\" srcset=\"https:\/\/agridev-expertise.com\/wp-content\/uploads\/2022\/06\/cluster-food-2.png 400w, https:\/\/agridev-expertise.com\/wp-content\/uploads\/2022\/06\/cluster-food-2-270x300.png 270w\" sizes=\"(max-width: 400px) 100vw, 400px\" \/>\t\t\t\t\t\t\t\t\t\t\t\t\t<\/div>\n\t\t\t\t<\/div>\n\t\t\t\t\t<\/div>\n\t\t<\/div>\n\t\t\t\t\t<\/div>\n\t\t<\/section>\n\t\t\t\t<section data-particle_enable=\"false\" data-particle-mobile-disabled=\"false\" class=\"elementor-section elementor-top-section elementor-element elementor-element-270881b animated-slow elementor-section-boxed elementor-section-height-default elementor-section-height-default elementor-invisible\" data-id=\"270881b\" data-element_type=\"section\" data-settings=\"{&quot;animation&quot;:&quot;slideInUp&quot;}\">\n\t\t\t\t\t\t<div class=\"elementor-container elementor-column-gap-default\">\n\t\t\t\t\t<div class=\"elementor-column elementor-col-100 elementor-top-column elementor-element elementor-element-e2c32ac\" data-id=\"e2c32ac\" data-element_type=\"column\">\n\t\t\t<div class=\"elementor-widget-wrap elementor-element-populated\">\n\t\t\t\t\t\t<div class=\"elementor-element elementor-element-8e87816 elementor-widget elementor-widget-text-editor\" data-id=\"8e87816\" data-element_type=\"widget\" data-widget_type=\"text-editor.default\">\n\t\t\t\t<div class=\"elementor-widget-container\">\n\t\t\t\t\t\t\t<p><strong><em>Ce fut mon domaine d&rsquo;intervention \u00e0 plusieurs reprises<\/em><\/strong> notamment au Sahel, soit:<\/p><ul><li>Au Darfour \u2013 Soudan comme participant au cluster pendant une ann\u00e9e avec l&rsquo;ONG TGH;<\/li><li>Une ann\u00e9e compl\u00e8te en 2008, avec le CICR comme co-animateur du cluster avec la FAO et le PAM en \u00e9tant bas\u00e9 \u00e0 Ab\u00e9ch\u00e9 capitale de l&rsquo;est du Tchad;<\/li><li>Pendant deux ann\u00e9es (2010 \/ 2012) avec la FAO et le PAM comme coordinateur r\u00e9gional en s\u00e9curit\u00e9 alimentaire pour tout l&rsquo;est du Tchad et coresponsable avec un repr\u00e9sentant du PAM pour le Cluster s\u00e9curit\u00e9 alimentaire toujours \u00e0 Ab\u00e9ch\u00e9.<\/li><\/ul><p><strong><em>Avec comme taches:<\/em><\/strong><\/p><ul><li>De jouer un r\u00f4le essentiel pour assurer des interventions de s\u00e9curit\u00e9 alimentaire opportunes, coh\u00e9rentes et efficaces en mobilisant les parties prenantes pour r\u00e9pondre de mani\u00e8re coordonn\u00e9e et strat\u00e9gique mani\u00e8re \u00e0 une crise alimentaire;<\/li><li>De collabore sans distinction avec tous les membres du Cluster S\u00e9curit\u00e9 Alimentaire; et \u00eatre au service du groupe des acteurs du secteur et servir globalement ses int\u00e9r\u00eats;<\/li><li>Veiller \u00e0 la coordination des actions avec les autorit\u00e9s nationales \/ locales, les institutions publiques, la soci\u00e9t\u00e9 civile locale et les autres acteurs comp\u00e9tents;<\/li><li>Garantir la mise en \u0153uvre d&rsquo;approches participatives et d&rsquo;inspiration communautaire;<\/li><li>Assurer l&rsquo;int\u00e9gration des th\u00e8mes transversaux prioritaires dans l&rsquo;\u00e9valuation des besoins sectoriels, (ex sexe, \u00e2ge, HIV\/SIDA, droits humains, environnement et rel\u00e8vement pr\u00e9coce);<\/li><li>Mise en place des m\u00e9canismes de suivi et d&rsquo;\u00e9tablissement de rapports;<\/li><li>Sensibilisation des protagonistes et mobilisation de ressources;<\/li><li>Formation et renforcement des capacit\u00e9s;<\/li><li>Supervision du personnel travaillant pour le compte du cluster s\u00e9curit\u00e9 alimentaire<\/li><li>Assurer la mise en \u0153uvre sur le terrain du lien entre r\u00e9ponse humanitaire et aide au d\u00e9veloppement;<\/li><li>Rapporter p\u00e9riodiquement et conjointement au directeur pays du PAM et au Repr\u00e9sentant de la FAO, tout en respectant les recommandations du FSC;<\/li><li>Collabore \u00e9troitement avec le Coordonnateur Humanitaire des Nations Unies en place ou son repr\u00e9sentant officiel;<\/li><li>Organiser p\u00e9riodiquement les r\u00e9unions cluster (ordre du jour, convocation des membres);<\/li><li>Organiser et participer aux missions d&rsquo;\u00e9valuation de la s\u00e9curit\u00e9 alimentaire \u00e0 l&rsquo;\u00e9chelle d&rsquo;une r\u00e9gion;<\/li><li>Capitaliser, documenter, mettre \u00e0 jour et diffuser via un bulletin p\u00e9riodique les informations utiles aux diff\u00e9rents acteurs partenaires.<\/li><\/ul>\t\t\t\t\t\t<\/div>\n\t\t\t\t<\/div>\n\t\t\t\t<div class=\"elementor-element elementor-element-4361227 elementor-widget elementor-widget-image\" data-id=\"4361227\" data-element_type=\"widget\" data-widget_type=\"image.default\">\n\t\t\t\t<div class=\"elementor-widget-container\">\n\t\t\t\t\t\t\t\t\t\t\t\t\t<img decoding=\"async\" width=\"649\" height=\"459\" src=\"https:\/\/agridev-expertise.com\/wp-content\/uploads\/2022\/06\/cluster-food-3.jpg\" class=\"attachment-large size-large wp-image-5300\" alt=\"\" srcset=\"https:\/\/agridev-expertise.com\/wp-content\/uploads\/2022\/06\/cluster-food-3.jpg 649w, https:\/\/agridev-expertise.com\/wp-content\/uploads\/2022\/06\/cluster-food-3-300x212.jpg 300w\" sizes=\"(max-width: 649px) 100vw, 649px\" \/>\t\t\t\t\t\t\t\t\t\t\t\t\t<\/div>\n\t\t\t\t<\/div>\n\t\t\t\t<div class=\"elementor-element elementor-element-8dd63a5 elementor-widget elementor-widget-text-editor\" data-id=\"8dd63a5\" data-element_type=\"widget\" data-widget_type=\"text-editor.default\">\n\t\t\t\t<div class=\"elementor-widget-container\">\n\t\t\t\t\t\t\t<p><strong><em>Principaux types de partenaires \u00e0 l&rsquo;Est su Tchad<\/em><\/strong><\/p><p>En plus de la FAO; PAM et OCHA:<\/p><ul><li>Les agences onusiennes comme (HCR, FIDA, PNUD, UNICEF\u2026etc\u2026;<\/li><li>Agences de coop\u00e9ration bilat\u00e9rales et multilat\u00e9rales (UE, GIZ, AFD, \u2026etc\u2026);<\/li><li>CICR;<\/li><li>L&rsquo;ordonnateur national et les services publics comp\u00e9tents;<\/li><li>Les ONG internationales;<\/li><li>Les ONG locales.<\/li><\/ul>\t\t\t\t\t\t<\/div>\n\t\t\t\t<\/div>\n\t\t\t\t\t<\/div>\n\t\t<\/div>\n\t\t\t\t\t<\/div>\n\t\t<\/section>\n\t\t\t\t<\/div>","protected":false},"excerpt":{"rendered":"<p>La Communication comme un m\u00e9tier \u00e0 part enti\u00e8re Coordinateur r\u00e9gional du cluster s\u00e9curit\u00e9 alimentaire pour tout l&rsquo;est du Tchad Pour un observatoire de l&rsquo;irrigation au Niger Organisation de l&rsquo;atelier sous-r\u00e9gional maghr\u00e9bin &#8211; Programme: Growing Diversity Coordinateur r\u00e9gional du cluster s\u00e9curit\u00e9 alimentaire pour tout l&rsquo;est du Tchad Cadre organisationnel Depuis son approbation par l\u2019Inter-Agency Standing Committee [&hellip;]<\/p>","protected":false},"author":2,"featured_media":0,"parent":5198,"menu_order":0,"comment_status":"closed","ping_status":"closed","template":"","meta":{"site-sidebar-layout":"no-sidebar","site-content-layout":"page-builder","ast-site-content-layout":"","site-content-style":"default","site-sidebar-style":"default","ast-global-header-display":"","ast-banner-title-visibility":"","ast-main-header-display":"","ast-hfb-above-header-display":"","ast-hfb-below-header-display":"","ast-hfb-mobile-header-display":"","site-post-title":"disabled","ast-breadcrumbs-content":"","ast-featured-img":"disabled","footer-sml-layout":"","theme-transparent-header-meta":"disabled","adv-header-id-meta":"","stick-header-meta":"","header-above-stick-meta":"","header-main-stick-meta":"","header-below-stick-meta":"","astra-migrate-meta-layouts":"default","ast-page-background-enabled":"default","ast-page-background-meta":{"desktop":{"background-color":"","background-image":"","background-repeat":"repeat","background-position":"center center","background-size":"auto","background-attachment":"scroll","background-type":"","background-media":"","overlay-type":"","overlay-color":"","overlay-opacity":"","overlay-gradient":""},"tablet":{"background-color":"","background-image":"","background-repeat":"repeat","background-position":"center center","background-size":"auto","background-attachment":"scroll","background-type":"","background-media":"","overlay-type":"","overlay-color":"","overlay-opacity":"","overlay-gradient":""},"mobile":{"background-color":"","background-image":"","background-repeat":"repeat","background-position":"center center","background-size":"auto","background-attachment":"scroll","background-type":"","background-media":"","overlay-type":"","overlay-color":"","overlay-opacity":"","overlay-gradient":""}},"ast-content-background-meta":{"desktop":{"background-color":"var(--ast-global-color-5)","background-image":"","background-repeat":"repeat","background-position":"center center","background-size":"auto","background-attachment":"scroll","background-type":"","background-media":"","overlay-type":"","overlay-color":"","overlay-opacity":"","overlay-gradient":""},"tablet":{"background-color":"var(--ast-global-color-5)","background-image":"","background-repeat":"repeat","background-position":"center center","background-size":"auto","background-attachment":"scroll","background-type":"","background-media":"","overlay-type":"","overlay-color":"","overlay-opacity":"","overlay-gradient":""},"mobile":{"background-color":"var(--ast-global-color-5)","background-image":"","background-repeat":"repeat","background-position":"center center","background-size":"auto","background-attachment":"scroll","background-type":"","background-media":"","overlay-type":"","overlay-color":"","overlay-opacity":"","overlay-gradient":""}},"footnotes":""},"class_list":["post-5376","page","type-page","status-publish","hentry"],"_links":{"self":[{"href":"https:\/\/agridev-expertise.com\/en\/wp-json\/wp\/v2\/pages\/5376","targetHints":{"allow":["GET"]}}],"collection":[{"href":"https:\/\/agridev-expertise.com\/en\/wp-json\/wp\/v2\/pages"}],"about":[{"href":"https:\/\/agridev-expertise.com\/en\/wp-json\/wp\/v2\/types\/page"}],"author":[{"embeddable":true,"href":"https:\/\/agridev-expertise.com\/en\/wp-json\/wp\/v2\/users\/2"}],"replies":[{"embeddable":true,"href":"https:\/\/agridev-expertise.com\/en\/wp-json\/wp\/v2\/comments?post=5376"}],"version-history":[{"count":0,"href":"https:\/\/agridev-expertise.com\/en\/wp-json\/wp\/v2\/pages\/5376\/revisions"}],"up":[{"embeddable":true,"href":"https:\/\/agridev-expertise.com\/en\/wp-json\/wp\/v2\/pages\/5198"}],"wp:attachment":[{"href":"https:\/\/agridev-expertise.com\/en\/wp-json\/wp\/v2\/media?parent=5376"}],"curies":[{"name":"wp","href":"https:\/\/api.w.org\/{rel}","templated":true}]}}